{"id":175,"date":"2021-01-27T14:59:39","date_gmt":"2021-01-27T14:59:39","guid":{"rendered":"http:\/\/www.atil-sanotomotiv.com\/?page_id=175"},"modified":"2021-11-03T05:51:34","modified_gmt":"2021-11-03T05:51:34","slug":"tescil-belgeleri","status":"publish","type":"page","link":"http:\/\/www.atil-sanotomotiv.com\/index.php\/tescil-belgeleri\/","title":{"rendered":"TESCIL BELGELERI"},"content":{"rendered":"<div data-colibri-id=\"175-c1\" class=\"style-511 style-local-175-c1 position-relative\">\n  <!---->\n  <div data-colibri-component=\"section\" data-colibri-id=\"175-c2\" id=\"custom\" class=\"h-section h-section-global-spacing d-flex align-items-lg-center align-items-md-center align-items-center style-517 style-local-175-c2 position-relative\">\n    <!---->\n    <!---->\n    <div class=\"h-section-grid-container h-section-boxed-container\">\n      <!---->\n      <div data-colibri-id=\"175-c3\" class=\"h-row-container gutters-row-lg-2 gutters-row-md-2 gutters-row-0 gutters-row-v-lg-2 gutters-row-v-md-2 gutters-row-v-2 style-518 style-local-175-c3 position-relative\">\n        <!---->\n        <div class=\"h-row justify-content-lg-center justify-content-md-center justify-content-center align-items-lg-stretch align-items-md-stretch align-items-stretch gutters-col-lg-2 gutters-col-md-2 gutters-col-0 gutters-col-v-lg-2 gutters-col-v-md-2 gutters-col-v-2\">\n          <!---->\n          <div class=\"h-column h-column-container d-flex h-col-lg-auto h-col-md-auto h-col-auto style-519-outer style-local-175-c4-outer\">\n            <div data-colibri-id=\"175-c4\" class=\"d-flex h-flex-basis h-column__inner h-px-lg-2 h-px-md-2 h-px-2 v-inner-lg-2 v-inner-md-2 v-inner-2 style-519 style-local-175-c4 position-relative\">\n              <!---->\n              <!---->\n              <div class=\"w-100 h-y-container h-column__content h-column__v-align flex-basis-100 align-self-lg-start align-self-md-start align-self-start\">\n                <!---->\n                <div data-colibri-id=\"175-c5\" class=\"d-block style-521 style-local-175-c5 position-relative h-element\">\n                  <!---->\n                  <div class=\"h-image__frame-container-outer\">\n                    <div class=\"h-image__frame-container\">\n                      <!---->\n                      <!---->\n                      <img loading=\"lazy\" decoding=\"async\" width=\"1189\" height=\"1755\" src=\"http:\/\/www.atil-sanotomotiv.com\/wp-content\/uploads\/2021\/11\/cropped-SERT_ATIL-SAN_14001_2021_EN_page-0001.jpg\" class=\"wp-image-683 style-521-image style-local-175-c5-image\" alt=\"\" srcset=\"http:\/\/www.atil-sanotomotiv.com\/wp-content\/uploads\/2021\/11\/cropped-SERT_ATIL-SAN_14001_2021_EN_page-0001.jpg 1189w, http:\/\/www.atil-sanotomotiv.com\/wp-content\/uploads\/2021\/11\/cropped-SERT_ATIL-SAN_14001_2021_EN_page-0001-203x300.jpg 203w, http:\/\/www.atil-sanotomotiv.com\/wp-content\/uploads\/2021\/11\/cropped-SERT_ATIL-SAN_14001_2021_EN_page-0001-694x1024.jpg 694w, http:\/\/www.atil-sanotomotiv.com\/wp-content\/uploads\/2021\/11\/cropped-SERT_ATIL-SAN_14001_2021_EN_page-0001-768x1134.jpg 768w, http:\/\/www.atil-sanotomotiv.com\/wp-content\/uploads\/2021\/11\/cropped-SERT_ATIL-SAN_14001_2021_EN_page-0001-1041x1536.jpg 1041w\" sizes=\"(max-width: 1189px) 100vw, 1189px\" \/>\n                      <div class=\"h-image__frame h-hide-lg h-hide-md h-hide-sm style-521-frameImage style-local-175-c5-frameImage\"><\/div>\n                    <\/div>\n                  <\/div>\n                <\/div>\n              <\/div>\n            <\/div>\n          <\/div>\n          <div class=\"h-column h-column-container d-flex h-col-lg-auto h-col-md-auto h-col-auto style-520-outer style-local-175-c6-outer\">\n            <div data-colibri-id=\"175-c6\" class=\"d-flex h-flex-basis h-column__inner h-px-lg-2 h-px-md-2 h-px-2 v-inner-lg-2 v-inner-md-2 v-inner-2 style-520 style-local-175-c6 position-relative\">\n              <!---->\n              <!---->\n              <div class=\"w-100 h-y-container h-column__content h-column__v-align flex-basis-100 align-self-lg-start align-self-md-start align-self-start\">\n                <!---->\n                <div data-colibri-id=\"175-c7\" class=\"d-block style-522 style-local-175-c7 position-relative h-element\">\n                  <!---->\n                  <div class=\"h-image__frame-container-outer\">\n                    <div class=\"h-image__frame-container\">\n                      <!---->\n                      <!---->\n                      <img loading=\"lazy\" decoding=\"async\" width=\"1192\" height=\"1755\" src=\"http:\/\/www.atil-sanotomotiv.com\/wp-content\/uploads\/2021\/11\/cropped-SERT_ATIL-SAN_9001_2021_EN_page-0001.jpg\" class=\"wp-image-686 style-522-image style-local-175-c7-image\" alt=\"\" srcset=\"http:\/\/www.atil-sanotomotiv.com\/wp-content\/uploads\/2021\/11\/cropped-SERT_ATIL-SAN_9001_2021_EN_page-0001.jpg 1192w, http:\/\/www.atil-sanotomotiv.com\/wp-content\/uploads\/2021\/11\/cropped-SERT_ATIL-SAN_9001_2021_EN_page-0001-204x300.jpg 204w, http:\/\/www.atil-sanotomotiv.com\/wp-content\/uploads\/2021\/11\/cropped-SERT_ATIL-SAN_9001_2021_EN_page-0001-696x1024.jpg 696w, http:\/\/www.atil-sanotomotiv.com\/wp-content\/uploads\/2021\/11\/cropped-SERT_ATIL-SAN_9001_2021_EN_page-0001-768x1131.jpg 768w, http:\/\/www.atil-sanotomotiv.com\/wp-content\/uploads\/2021\/11\/cropped-SERT_ATIL-SAN_9001_2021_EN_page-0001-1043x1536.jpg 1043w\" sizes=\"(max-width: 1192px) 100vw, 1192px\" \/>\n                      <div class=\"h-image__frame h-hide-lg h-hide-md h-hide-sm style-522-frameImage style-local-175-c7-frameImage\"><\/div>\n                    <\/div>\n                  <\/div>\n                <\/div>\n              <\/div>\n            <\/div>\n          <\/div>\n        <\/div>\n      <\/div>\n    <\/div>\n  <\/div>\n  <div data-colibri-component=\"section\" data-colibri-id=\"175-c8\" id=\"custom-2\" class=\"h-section h-section-global-spacing d-flex align-items-lg-center align-items-md-center align-items-center style-523 style-local-175-c8 position-relative\">\n    <!---->\n    <!---->\n    <div class=\"h-section-grid-container h-section-boxed-container\">\n      <!---->\n      <div data-colibri-id=\"175-c9\" class=\"h-row-container gutters-row-lg-2 gutters-row-md-2 gutters-row-0 gutters-row-v-lg-2 gutters-row-v-md-2 gutters-row-v-2 style-524 style-local-175-c9 position-relative\">\n        <!---->\n        <div class=\"h-row justify-content-lg-center justify-content-md-center justify-content-center align-items-lg-stretch align-items-md-stretch align-items-stretch gutters-col-lg-2 gutters-col-md-2 gutters-col-0 gutters-col-v-lg-2 gutters-col-v-md-2 gutters-col-v-2\">\n          <!---->\n          <div class=\"h-column h-column-container d-flex h-col-lg-auto h-col-md-auto h-col-auto style-525-outer style-local-175-c10-outer\">\n            <div data-colibri-id=\"175-c10\" class=\"d-flex h-flex-basis h-column__inner h-px-lg-2 h-px-md-2 h-px-2 v-inner-lg-2 v-inner-md-2 v-inner-2 style-525 style-local-175-c10 position-relative\">\n              <!---->\n              <!---->\n              <div class=\"w-100 h-y-container h-column__content h-column__v-align flex-basis-100 align-self-lg-start align-self-md-start align-self-start\">\n                <!---->\n                <div data-colibri-id=\"175-c11\" class=\"d-block style-528 style-local-175-c11 position-relative h-element\">\n                  <!---->\n                  <div class=\"h-image__frame-container-outer\">\n                    <div class=\"h-image__frame-container\">\n                      <!---->\n                      <!---->\n                      <img loading=\"lazy\" decoding=\"async\" width=\"458\" height=\"645\" src=\"http:\/\/www.atil-sanotomotiv.com\/wp-content\/uploads\/2021\/01\/cropped-ATILSAN-EAC-SERTIFIKASI.png\" class=\"wp-image-184 style-528-image style-local-175-c11-image\" alt=\"\" srcset=\"http:\/\/www.atil-sanotomotiv.com\/wp-content\/uploads\/2021\/01\/cropped-ATILSAN-EAC-SERTIFIKASI.png 458w, http:\/\/www.atil-sanotomotiv.com\/wp-content\/uploads\/2021\/01\/cropped-ATILSAN-EAC-SERTIFIKASI-213x300.png 213w\" sizes=\"(max-width: 458px) 100vw, 458px\" \/>\n                      <div class=\"h-image__frame h-hide-lg h-hide-md h-hide-sm style-528-frameImage style-local-175-c11-frameImage\"><\/div>\n                    <\/div>\n                  <\/div>\n                <\/div>\n              <\/div>\n            <\/div>\n          <\/div>\n          <div class=\"h-column h-column-container d-flex h-col-lg-auto h-col-md-auto h-col-auto style-526-outer style-local-175-c12-outer\">\n            <div data-colibri-id=\"175-c12\" class=\"d-flex h-flex-basis h-column__inner h-px-lg-2 h-px-md-2 h-px-2 v-inner-lg-2 v-inner-md-2 v-inner-2 style-526 style-local-175-c12 position-relative\">\n              <!---->\n              <!---->\n              <div class=\"w-100 h-y-container h-column__content h-column__v-align flex-basis-100 align-self-lg-start align-self-md-start align-self-start\">\n                <!---->\n                <div data-colibri-id=\"175-c13\" class=\"d-block style-529 style-local-175-c13 position-relative h-element\">\n                  <!---->\n                  <div class=\"h-image__frame-container-outer\">\n                    <div class=\"h-image__frame-container\">\n                      <!---->\n                      <!---->\n                      <img loading=\"lazy\" decoding=\"async\" width=\"1240\" height=\"1755\" src=\"http:\/\/www.atil-sanotomotiv.com\/wp-content\/uploads\/2021\/10\/cropped-UCA-TR21070030_page-0001.jpg\" class=\"wp-image-672 style-529-image style-local-175-c13-image\" alt=\"\" srcset=\"http:\/\/www.atil-sanotomotiv.com\/wp-content\/uploads\/2021\/10\/cropped-UCA-TR21070030_page-0001.jpg 1240w, http:\/\/www.atil-sanotomotiv.com\/wp-content\/uploads\/2021\/10\/cropped-UCA-TR21070030_page-0001-212x300.jpg 212w, http:\/\/www.atil-sanotomotiv.com\/wp-content\/uploads\/2021\/10\/cropped-UCA-TR21070030_page-0001-724x1024.jpg 724w, http:\/\/www.atil-sanotomotiv.com\/wp-content\/uploads\/2021\/10\/cropped-UCA-TR21070030_page-0001-768x1087.jpg 768w, http:\/\/www.atil-sanotomotiv.com\/wp-content\/uploads\/2021\/10\/cropped-UCA-TR21070030_page-0001-1085x1536.jpg 1085w\" sizes=\"(max-width: 1240px) 100vw, 1240px\" \/>\n                      <div class=\"h-image__frame h-hide-lg h-hide-md h-hide-sm style-529-frameImage style-local-175-c13-frameImage\"><\/div>\n                    <\/div>\n                  <\/div>\n                <\/div>\n              <\/div>\n            <\/div>\n          <\/div>\n          <div class=\"h-column h-column-container d-flex h-col-lg-auto h-col-md-auto h-col-auto style-527-outer style-local-175-c14-outer\">\n            <div data-colibri-id=\"175-c14\" class=\"d-flex h-flex-basis h-column__inner h-px-lg-2 h-px-md-2 h-px-2 v-inner-lg-2 v-inner-md-2 v-inner-2 style-527 style-local-175-c14 position-relative\">\n              <!---->\n              <!---->\n              <div class=\"w-100 h-y-container h-column__content h-column__v-align flex-basis-100 align-self-lg-start align-self-md-start align-self-start\">\n                <!---->\n                <div data-colibri-id=\"175-c15\" class=\"d-block style-530 style-local-175-c15 position-relative h-element\">\n                  <!---->\n                  <div class=\"h-image__frame-container-outer\">\n                    <div class=\"h-image__frame-container\">\n                      <!---->\n                      <!---->\n                      <img loading=\"lazy\" decoding=\"async\" width=\"1240\" height=\"1755\" src=\"http:\/\/www.atil-sanotomotiv.com\/wp-content\/uploads\/2021\/10\/cropped-UCA-TR21070030_page-0002.jpg\" class=\"wp-image-675 style-530-image style-local-175-c15-image\" alt=\"\" srcset=\"http:\/\/www.atil-sanotomotiv.com\/wp-content\/uploads\/2021\/10\/cropped-UCA-TR21070030_page-0002.jpg 1240w, http:\/\/www.atil-sanotomotiv.com\/wp-content\/uploads\/2021\/10\/cropped-UCA-TR21070030_page-0002-212x300.jpg 212w, http:\/\/www.atil-sanotomotiv.com\/wp-content\/uploads\/2021\/10\/cropped-UCA-TR21070030_page-0002-724x1024.jpg 724w, http:\/\/www.atil-sanotomotiv.com\/wp-content\/uploads\/2021\/10\/cropped-UCA-TR21070030_page-0002-768x1087.jpg 768w, http:\/\/www.atil-sanotomotiv.com\/wp-content\/uploads\/2021\/10\/cropped-UCA-TR21070030_page-0002-1085x1536.jpg 1085w\" sizes=\"(max-width: 1240px) 100vw, 1240px\" \/>\n                      <div class=\"h-image__frame h-hide-lg h-hide-md h-hide-sm style-530-frameImage style-local-175-c15-frameImage\"><\/div>\n                    <\/div>\n                  <\/div>\n                <\/div>\n              <\/div>\n            <\/div>\n          <\/div>\n        <\/div>\n      <\/div>\n    <\/div>\n  <\/div>\n  <div data-colibri-component=\"section\" data-colibri-id=\"175-c16\" id=\"reusable-sections-2\" class=\"h-section h-section-global-spacing d-flex align-items-lg-center align-items-md-center align-items-center style-1116 style-local-175-c16 position-relative\">\n    <!---->\n    <!---->\n    <div class=\"h-section-grid-container h-section-boxed-container\">\n      <!---->\n      <div data-colibri-id=\"175-c17\" class=\"h-row-container gutters-row-lg-2 gutters-row-md-2 gutters-row-0 gutters-row-v-lg-2 gutters-row-v-md-2 gutters-row-v-2 style-1117 style-local-175-c17 position-relative\">\n        <!---->\n        <div class=\"h-row justify-content-lg-center justify-content-md-center justify-content-center align-items-lg-stretch align-items-md-stretch align-items-stretch gutters-col-lg-2 gutters-col-md-2 gutters-col-0 gutters-col-v-lg-2 gutters-col-v-md-2 gutters-col-v-2\">\n          <!---->\n          <div class=\"h-column h-column-container d-flex h-col-lg-auto h-col-md-auto h-col-auto style-1118-outer style-local-175-c18-outer\">\n            <div data-colibri-id=\"175-c18\" class=\"d-flex h-flex-basis h-column__inner h-px-lg-2 h-px-md-2 h-px-2 v-inner-lg-2 v-inner-md-2 v-inner-2 style-1118 style-local-175-c18 position-relative\">\n              <!---->\n              <!---->\n              <div class=\"w-100 h-y-container h-column__content h-column__v-align flex-basis-100 align-self-lg-start align-self-md-start align-self-start\">\n                <!---->\n                <div data-colibri-id=\"175-c19\" class=\"h-text h-text-component style-1119 style-local-175-c19 position-relative h-element\">\n                  <!---->\n                  <!---->\n                  <div class=\"\">\n                    <p>2000@2021 ATILSAN OTOMOTIV | T\u00fcm hakk\u0131 sakl\u0131d\u0131r | All right reserved<\/p>\n                  <\/div>\n                <\/div>\n              <\/div>\n            <\/div>\n          <\/div>\n        <\/div>\n      <\/div>\n    <\/div>\n  <\/div>\n<\/div>","protected":false},"excerpt":{"rendered":"<p>2000@2021 ATILSAN OTOMOTIV | T\u00fcm hakk\u0131 sakl\u0131d\u0131r | All right reserved<\/p>\n","protected":false},"author":1,"featured_media":0,"parent":0,"menu_order":0,"comment_status":"closed","ping_status":"closed","template":"page-templates\/full-width-page.php","meta":{"footnotes":""},"yoast_head":"<!-- This site is optimized with the Yoast SEO plugin v21.9.1 - https:\/\/yoast.com\/wordpress\/plugins\/seo\/ -->\n<title>ATIL-SAN OTOMOT\u0130V - Tescil Belgelerimiz<\/title>\n<meta name=\"description\" content=\"M\u00fc\u015fteri memnuniyeti standartlar\u0131 \u00e7er\u00e7evesinde y\u00fcksek kalitede \u00fcretim hizmeti sunan firma olma yolunda \u00fcr\u00fcnlerimizin kalitesini tescilledik.\" \/>\n<meta name=\"robots\" content=\"index, follow, max-snippet:-1, max-image-preview:large, max-video-preview:-1\" \/>\n<link rel=\"canonical\" href=\"http:\/\/www.atil-sanotomotiv.com\/index.php\/tescil-belgeleri\/\" \/>\n<meta property=\"og:locale\" content=\"tr_TR\" \/>\n<meta property=\"og:type\" content=\"article\" \/>\n<meta property=\"og:title\" content=\"ATIL-SAN OTOMOT\u0130V - Tescil Belgelerimiz\" \/>\n<meta property=\"og:description\" content=\"M\u00fc\u015fteri memnuniyeti standartlar\u0131 \u00e7er\u00e7evesinde y\u00fcksek kalitede \u00fcretim hizmeti sunan firma olma yolunda \u00fcr\u00fcnlerimizin kalitesini tescilledik.\" \/>\n<meta property=\"og:url\" content=\"http:\/\/www.atil-sanotomotiv.com\/index.php\/tescil-belgeleri\/\" \/>\n<meta property=\"og:site_name\" content=\"ATIL-SAN OTOMOT\u0130V\" \/>\n<meta property=\"article:modified_time\" content=\"2021-11-03T05:51:34+00:00\" \/>\n<meta property=\"og:image\" content=\"http:\/\/www.atil-sanotomotiv.com\/wp-content\/uploads\/2021\/11\/cropped-SERT_ATIL-SAN_14001_2021_EN_page-0001.jpg\" \/>\n<meta name=\"twitter:card\" content=\"summary_large_image\" \/>\n<script type=\"application\/ld+json\" class=\"yoast-schema-graph\">{\"@context\":\"https:\/\/schema.org\",\"@graph\":[{\"@type\":\"WebPage\",\"@id\":\"http:\/\/www.atil-sanotomotiv.com\/index.php\/tescil-belgeleri\/\",\"url\":\"http:\/\/www.atil-sanotomotiv.com\/index.php\/tescil-belgeleri\/\",\"name\":\"ATIL-SAN OTOMOT\u0130V - Tescil Belgelerimiz\",\"isPartOf\":{\"@id\":\"http:\/\/www.atil-sanotomotiv.com\/#website\"},\"datePublished\":\"2021-01-27T14:59:39+00:00\",\"dateModified\":\"2021-11-03T05:51:34+00:00\",\"description\":\"M\u00fc\u015fteri memnuniyeti standartlar\u0131 \u00e7er\u00e7evesinde y\u00fcksek kalitede \u00fcretim hizmeti sunan firma olma yolunda \u00fcr\u00fcnlerimizin kalitesini tescilledik.\",\"breadcrumb\":{\"@id\":\"http:\/\/www.atil-sanotomotiv.com\/index.php\/tescil-belgeleri\/#breadcrumb\"},\"inLanguage\":\"tr\",\"potentialAction\":[{\"@type\":\"ReadAction\",\"target\":[\"http:\/\/www.atil-sanotomotiv.com\/index.php\/tescil-belgeleri\/\"]}]},{\"@type\":\"BreadcrumbList\",\"@id\":\"http:\/\/www.atil-sanotomotiv.com\/index.php\/tescil-belgeleri\/#breadcrumb\",\"itemListElement\":[{\"@type\":\"ListItem\",\"position\":1,\"name\":\"Anasayfa\",\"item\":\"http:\/\/www.atil-sanotomotiv.com\/\"},{\"@type\":\"ListItem\",\"position\":2,\"name\":\"TESCIL BELGELERI\"}]},{\"@type\":\"WebSite\",\"@id\":\"http:\/\/www.atil-sanotomotiv.com\/#website\",\"url\":\"http:\/\/www.atil-sanotomotiv.com\/\",\"name\":\"ATIL-SAN OTOMOT\u0130V\",\"description\":\"OTO YEDEK PAR&Ccedil;A\",\"publisher\":{\"@id\":\"http:\/\/www.atil-sanotomotiv.com\/#organization\"},\"potentialAction\":[{\"@type\":\"SearchAction\",\"target\":{\"@type\":\"EntryPoint\",\"urlTemplate\":\"http:\/\/www.atil-sanotomotiv.com\/?s={search_term_string}\"},\"query-input\":\"required name=search_term_string\"}],\"inLanguage\":\"tr\"},{\"@type\":\"Organization\",\"@id\":\"http:\/\/www.atil-sanotomotiv.com\/#organization\",\"name\":\"ATIL-SAN OTOMOT\u0130V\",\"url\":\"http:\/\/www.atil-sanotomotiv.com\/\",\"logo\":{\"@type\":\"ImageObject\",\"inLanguage\":\"tr\",\"@id\":\"http:\/\/www.atil-sanotomotiv.com\/#\/schema\/logo\/image\/\",\"url\":\"http:\/\/www.atil-sanotomotiv.com\/wp-content\/uploads\/2021\/01\/cropped-atilsanlogo.png\",\"contentUrl\":\"http:\/\/www.atil-sanotomotiv.com\/wp-content\/uploads\/2021\/01\/cropped-atilsanlogo.png\",\"width\":250,\"height\":60,\"caption\":\"ATIL-SAN OTOMOT\u0130V\"},\"image\":{\"@id\":\"http:\/\/www.atil-sanotomotiv.com\/#\/schema\/logo\/image\/\"}}]}<\/script>\n<!-- \/ Yoast SEO plugin. -->","yoast_head_json":{"title":"ATIL-SAN OTOMOT\u0130V - Tescil Belgelerimiz","description":"M\u00fc\u015fteri memnuniyeti standartlar\u0131 \u00e7er\u00e7evesinde y\u00fcksek kalitede \u00fcretim hizmeti sunan firma olma yolunda \u00fcr\u00fcnlerimizin kalitesini tescilledik.","robots":{"index":"index","follow":"follow","max-snippet":"max-snippet:-1","max-image-preview":"max-image-preview:large","max-video-preview":"max-video-preview:-1"},"canonical":"http:\/\/www.atil-sanotomotiv.com\/index.php\/tescil-belgeleri\/","og_locale":"tr_TR","og_type":"article","og_title":"ATIL-SAN OTOMOT\u0130V - Tescil Belgelerimiz","og_description":"M\u00fc\u015fteri memnuniyeti standartlar\u0131 \u00e7er\u00e7evesinde y\u00fcksek kalitede \u00fcretim hizmeti sunan firma olma yolunda \u00fcr\u00fcnlerimizin kalitesini tescilledik.","og_url":"http:\/\/www.atil-sanotomotiv.com\/index.php\/tescil-belgeleri\/","og_site_name":"ATIL-SAN OTOMOT\u0130V","article_modified_time":"2021-11-03T05:51:34+00:00","og_image":[{"url":"http:\/\/www.atil-sanotomotiv.com\/wp-content\/uploads\/2021\/11\/cropped-SERT_ATIL-SAN_14001_2021_EN_page-0001.jpg"}],"twitter_card":"summary_large_image","schema":{"@context":"https:\/\/schema.org","@graph":[{"@type":"WebPage","@id":"http:\/\/www.atil-sanotomotiv.com\/index.php\/tescil-belgeleri\/","url":"http:\/\/www.atil-sanotomotiv.com\/index.php\/tescil-belgeleri\/","name":"ATIL-SAN OTOMOT\u0130V - Tescil Belgelerimiz","isPartOf":{"@id":"http:\/\/www.atil-sanotomotiv.com\/#website"},"datePublished":"2021-01-27T14:59:39+00:00","dateModified":"2021-11-03T05:51:34+00:00","description":"M\u00fc\u015fteri memnuniyeti standartlar\u0131 \u00e7er\u00e7evesinde y\u00fcksek kalitede \u00fcretim hizmeti sunan firma olma yolunda \u00fcr\u00fcnlerimizin kalitesini tescilledik.","breadcrumb":{"@id":"http:\/\/www.atil-sanotomotiv.com\/index.php\/tescil-belgeleri\/#breadcrumb"},"inLanguage":"tr","potentialAction":[{"@type":"ReadAction","target":["http:\/\/www.atil-sanotomotiv.com\/index.php\/tescil-belgeleri\/"]}]},{"@type":"BreadcrumbList","@id":"http:\/\/www.atil-sanotomotiv.com\/index.php\/tescil-belgeleri\/#breadcrumb","itemListElement":[{"@type":"ListItem","position":1,"name":"Anasayfa","item":"http:\/\/www.atil-sanotomotiv.com\/"},{"@type":"ListItem","position":2,"name":"TESCIL BELGELERI"}]},{"@type":"WebSite","@id":"http:\/\/www.atil-sanotomotiv.com\/#website","url":"http:\/\/www.atil-sanotomotiv.com\/","name":"ATIL-SAN OTOMOT\u0130V","description":"OTO YEDEK PAR&Ccedil;A","publisher":{"@id":"http:\/\/www.atil-sanotomotiv.com\/#organization"},"potentialAction":[{"@type":"SearchAction","target":{"@type":"EntryPoint","urlTemplate":"http:\/\/www.atil-sanotomotiv.com\/?s={search_term_string}"},"query-input":"required name=search_term_string"}],"inLanguage":"tr"},{"@type":"Organization","@id":"http:\/\/www.atil-sanotomotiv.com\/#organization","name":"ATIL-SAN OTOMOT\u0130V","url":"http:\/\/www.atil-sanotomotiv.com\/","logo":{"@type":"ImageObject","inLanguage":"tr","@id":"http:\/\/www.atil-sanotomotiv.com\/#\/schema\/logo\/image\/","url":"http:\/\/www.atil-sanotomotiv.com\/wp-content\/uploads\/2021\/01\/cropped-atilsanlogo.png","contentUrl":"http:\/\/www.atil-sanotomotiv.com\/wp-content\/uploads\/2021\/01\/cropped-atilsanlogo.png","width":250,"height":60,"caption":"ATIL-SAN OTOMOT\u0130V"},"image":{"@id":"http:\/\/www.atil-sanotomotiv.com\/#\/schema\/logo\/image\/"}}]}},"_links":{"self":[{"href":"http:\/\/www.atil-sanotomotiv.com\/index.php\/wp-json\/wp\/v2\/pages\/175"}],"collection":[{"href":"http:\/\/www.atil-sanotomotiv.com\/index.php\/wp-json\/wp\/v2\/pages"}],"about":[{"href":"http:\/\/www.atil-sanotomotiv.com\/index.php\/wp-json\/wp\/v2\/types\/page"}],"author":[{"embeddable":true,"href":"http:\/\/www.atil-sanotomotiv.com\/index.php\/wp-json\/wp\/v2\/users\/1"}],"replies":[{"embeddable":true,"href":"http:\/\/www.atil-sanotomotiv.com\/index.php\/wp-json\/wp\/v2\/comments?post=175"}],"version-history":[{"count":9,"href":"http:\/\/www.atil-sanotomotiv.com\/index.php\/wp-json\/wp\/v2\/pages\/175\/revisions"}],"predecessor-version":[{"id":693,"href":"http:\/\/www.atil-sanotomotiv.com\/index.php\/wp-json\/wp\/v2\/pages\/175\/revisions\/693"}],"wp:attachment":[{"href":"http:\/\/www.atil-sanotomotiv.com\/index.php\/wp-json\/wp\/v2\/media?parent=175"}],"curies":[{"name":"wp","href":"https:\/\/api.w.org\/{rel}","templated":true}]}}